{"id":792,"date":"2023-12-14T08:42:30","date_gmt":"2023-12-14T07:42:30","guid":{"rendered":"https:\/\/apartments-jelavic.com\/?page_id=792"},"modified":"2024-01-18T12:22:50","modified_gmt":"2024-01-18T11:22:50","slug":"smjestaj","status":"publish","type":"page","link":"https:\/\/apartments-jelavic.com\/hr\/smjestaj\/","title":{"rendered":"Smje\u0161taj"},"content":{"rendered":"<h3>Na\u0161 smje\u0161taj nudi apsolutno opu\u0161tanje i povezanost s prirodom koja postaje trajno stanje.<\/h3>\n<p>Dobrodo\u0161li u Apartmane Jelavi\u0107! Smje\u0161ten iznad mora u blizini centra grada nudimo 4 potpuno nova i potpuno opremljena apartmana kako bi vam pru\u017eila idealan komfor za va\u0161 boravak u Hrvatskoj.<\/p>\n","protected":false},"excerpt":{"rendered":"<p>Na\u0161 smje\u0161taj nudi apsolutno opu\u0161tanje i povezanost s prirodom koja postaje trajno stanje. Dobrodo\u0161li u Apartmane Jelavi\u0107! Smje\u0161ten iznad mora u blizini centra grada nudimo 4 potpuno nova i potpuno &#8230;<\/p>\n","protected":false},"author":1,"featured_media":0,"parent":0,"menu_order":2,"comment_status":"closed","ping_status":"closed","template":"template-accommodation.php","meta":{"_acf_changed":false,"inline_featured_image":false,"footnotes":""},"class_list":["post-792","page","type-page","status-publish","hentry"],"acf":[],"yoast_head":"<!-- This site is optimized with the Yoast SEO plugin v25.2 - https:\/\/yoast.com\/wordpress\/plugins\/seo\/ -->\n<title>Smje\u0161taj - Apartments Jelavi\u0107<\/title>\n<meta name=\"robots\" content=\"index, follow, max-snippet:-1, max-image-preview:large, max-video-preview:-1\" \/>\n<link rel=\"canonical\" href=\"https:\/\/apartments-jelavic.com\/hr\/smjestaj\/\" \/>\n<meta property=\"og:locale\" content=\"hr_HR\" \/>\n<meta property=\"og:type\" content=\"article\" \/>\n<meta property=\"og:title\" content=\"Smje\u0161taj - Apartments Jelavi\u0107\" \/>\n<meta property=\"og:description\" content=\"Na\u0161 smje\u0161taj nudi apsolutno opu\u0161tanje i povezanost s prirodom koja postaje trajno stanje. Dobrodo\u0161li u Apartmane Jelavi\u0107! Smje\u0161ten iznad mora u blizini centra grada nudimo 4 potpuno nova i potpuno ...\" \/>\n<meta property=\"og:url\" content=\"https:\/\/apartments-jelavic.com\/hr\/smjestaj\/\" \/>\n<meta property=\"og:site_name\" content=\"Apartments Jelavi\u0107\" \/>\n<meta property=\"article:modified_time\" content=\"2024-01-18T11:22:50+00:00\" \/>\n<meta name=\"twitter:card\" content=\"summary_large_image\" \/>\n<meta name=\"twitter:label1\" content=\"Procijenjeno vrijeme \u010ditanja\" \/>\n\t<meta name=\"twitter:data1\" content=\"1 minuta\" \/>\n<script type=\"application\/ld+json\" class=\"yoast-schema-graph\">{\"@context\":\"https:\/\/schema.org\",\"@graph\":[{\"@type\":\"WebPage\",\"@id\":\"https:\/\/apartments-jelavic.com\/hr\/smjestaj\/\",\"url\":\"https:\/\/apartments-jelavic.com\/hr\/smjestaj\/\",\"name\":\"Smje\u0161taj - Apartments Jelavi\u0107\",\"isPartOf\":{\"@id\":\"https:\/\/apartments-jelavic.com\/#website\"},\"datePublished\":\"2023-12-14T07:42:30+00:00\",\"dateModified\":\"2024-01-18T11:22:50+00:00\",\"breadcrumb\":{\"@id\":\"https:\/\/apartments-jelavic.com\/hr\/smjestaj\/#breadcrumb\"},\"inLanguage\":\"hr\",\"potentialAction\":[{\"@type\":\"ReadAction\",\"target\":[\"https:\/\/apartments-jelavic.com\/hr\/smjestaj\/\"]}]},{\"@type\":\"BreadcrumbList\",\"@id\":\"https:\/\/apartments-jelavic.com\/hr\/smjestaj\/#breadcrumb\",\"itemListElement\":[{\"@type\":\"ListItem\",\"position\":1,\"name\":\"Home\",\"item\":\"https:\/\/apartments-jelavic.com\/hr\/\"},{\"@type\":\"ListItem\",\"position\":2,\"name\":\"Smje\u0161taj\"}]},{\"@type\":\"WebSite\",\"@id\":\"https:\/\/apartments-jelavic.com\/#website\",\"url\":\"https:\/\/apartments-jelavic.com\/\",\"name\":\"Villa Akrapovi\u0107\",\"description\":\"Luxury accommodation Croatia\",\"publisher\":{\"@id\":\"https:\/\/apartments-jelavic.com\/#organization\"},\"potentialAction\":[{\"@type\":\"SearchAction\",\"target\":{\"@type\":\"EntryPoint\",\"urlTemplate\":\"https:\/\/apartments-jelavic.com\/?s={search_term_string}\"},\"query-input\":{\"@type\":\"PropertyValueSpecification\",\"valueRequired\":true,\"valueName\":\"search_term_string\"}}],\"inLanguage\":\"hr\"},{\"@type\":\"Organization\",\"@id\":\"https:\/\/apartments-jelavic.com\/#organization\",\"name\":\"Apartments in Vrsi near Zadar\",\"url\":\"https:\/\/apartments-jelavic.com\/\",\"logo\":{\"@type\":\"ImageObject\",\"inLanguage\":\"hr\",\"@id\":\"https:\/\/apartments-jelavic.com\/#\/schema\/logo\/image\/\",\"url\":\"\",\"contentUrl\":\"\",\"caption\":\"Apartments in Vrsi near Zadar\"},\"image\":{\"@id\":\"https:\/\/apartments-jelavic.com\/#\/schema\/logo\/image\/\"}}]}<\/script>\n<!-- \/ Yoast SEO plugin. -->","yoast_head_json":{"title":"Smje\u0161taj - Apartments Jelavi\u0107","robots":{"index":"index","follow":"follow","max-snippet":"max-snippet:-1","max-image-preview":"max-image-preview:large","max-video-preview":"max-video-preview:-1"},"canonical":"https:\/\/apartments-jelavic.com\/hr\/smjestaj\/","og_locale":"hr_HR","og_type":"article","og_title":"Smje\u0161taj - Apartments Jelavi\u0107","og_description":"Na\u0161 smje\u0161taj nudi apsolutno opu\u0161tanje i povezanost s prirodom koja postaje trajno stanje. Dobrodo\u0161li u Apartmane Jelavi\u0107! Smje\u0161ten iznad mora u blizini centra grada nudimo 4 potpuno nova i potpuno ...","og_url":"https:\/\/apartments-jelavic.com\/hr\/smjestaj\/","og_site_name":"Apartments Jelavi\u0107","article_modified_time":"2024-01-18T11:22:50+00:00","twitter_card":"summary_large_image","twitter_misc":{"Procijenjeno vrijeme \u010ditanja":"1 minuta"},"schema":{"@context":"https:\/\/schema.org","@graph":[{"@type":"WebPage","@id":"https:\/\/apartments-jelavic.com\/hr\/smjestaj\/","url":"https:\/\/apartments-jelavic.com\/hr\/smjestaj\/","name":"Smje\u0161taj - Apartments Jelavi\u0107","isPartOf":{"@id":"https:\/\/apartments-jelavic.com\/#website"},"datePublished":"2023-12-14T07:42:30+00:00","dateModified":"2024-01-18T11:22:50+00:00","breadcrumb":{"@id":"https:\/\/apartments-jelavic.com\/hr\/smjestaj\/#breadcrumb"},"inLanguage":"hr","potentialAction":[{"@type":"ReadAction","target":["https:\/\/apartments-jelavic.com\/hr\/smjestaj\/"]}]},{"@type":"BreadcrumbList","@id":"https:\/\/apartments-jelavic.com\/hr\/smjestaj\/#breadcrumb","itemListElement":[{"@type":"ListItem","position":1,"name":"Home","item":"https:\/\/apartments-jelavic.com\/hr\/"},{"@type":"ListItem","position":2,"name":"Smje\u0161taj"}]},{"@type":"WebSite","@id":"https:\/\/apartments-jelavic.com\/#website","url":"https:\/\/apartments-jelavic.com\/","name":"Villa Akrapovi\u0107","description":"Luxury accommodation Croatia","publisher":{"@id":"https:\/\/apartments-jelavic.com\/#organization"},"potentialAction":[{"@type":"SearchAction","target":{"@type":"EntryPoint","urlTemplate":"https:\/\/apartments-jelavic.com\/?s={search_term_string}"},"query-input":{"@type":"PropertyValueSpecification","valueRequired":true,"valueName":"search_term_string"}}],"inLanguage":"hr"},{"@type":"Organization","@id":"https:\/\/apartments-jelavic.com\/#organization","name":"Apartments in Vrsi near Zadar","url":"https:\/\/apartments-jelavic.com\/","logo":{"@type":"ImageObject","inLanguage":"hr","@id":"https:\/\/apartments-jelavic.com\/#\/schema\/logo\/image\/","url":"","contentUrl":"","caption":"Apartments in Vrsi near Zadar"},"image":{"@id":"https:\/\/apartments-jelavic.com\/#\/schema\/logo\/image\/"}}]}},"_links":{"self":[{"href":"https:\/\/apartments-jelavic.com\/hr\/wp-json\/wp\/v2\/pages\/792","targetHints":{"allow":["GET"]}}],"collection":[{"href":"https:\/\/apartments-jelavic.com\/hr\/wp-json\/wp\/v2\/pages"}],"about":[{"href":"https:\/\/apartments-jelavic.com\/hr\/wp-json\/wp\/v2\/types\/page"}],"author":[{"embeddable":true,"href":"https:\/\/apartments-jelavic.com\/hr\/wp-json\/wp\/v2\/users\/1"}],"replies":[{"embeddable":true,"href":"https:\/\/apartments-jelavic.com\/hr\/wp-json\/wp\/v2\/comments?post=792"}],"version-history":[{"count":2,"href":"https:\/\/apartments-jelavic.com\/hr\/wp-json\/wp\/v2\/pages\/792\/revisions"}],"predecessor-version":[{"id":1237,"href":"https:\/\/apartments-jelavic.com\/hr\/wp-json\/wp\/v2\/pages\/792\/revisions\/1237"}],"wp:attachment":[{"href":"https:\/\/apartments-jelavic.com\/hr\/wp-json\/wp\/v2\/media?parent=792"}],"curies":[{"name":"wp","href":"https:\/\/api.w.org\/{rel}","templated":true}]}}