{"id":789,"date":"2022-12-16T08:17:06","date_gmt":"2022-12-16T07:17:06","guid":{"rendered":"https:\/\/apartments-jelavic.com\/?page_id=789"},"modified":"2024-01-19T18:47:36","modified_gmt":"2024-01-19T17:47:36","slug":"apartmani-u-bolu","status":"publish","type":"page","link":"https:\/\/apartments-jelavic.com\/hr\/apartmani-u-bolu\/","title":{"rendered":"O nama"},"content":{"rendered":"<h3>Informacije o objektu<\/h3>\n<p>Prema centru grada nude se razne aktivnosti kao \u0161to su tr\u017enica na otvorenom, galerija, muzej, gradska knji\u017enica te brojni restorani i barovi. Mo\u017eete pristupiti supermarketima u blizini, kao i bankomatima.<\/p>\n<p>Prekrasna \u0161etnica koja vodi do prekrasne i poznate pla\u017ee Zlatni rat udaljena je samo nekoliko minuta hoda od apartmana. U\u017eivajte u \u0161etnji prema poznatoj pla\u017ei Zlatni rat, okru\u017eenoj nebrojenim borovima i pla\u017eama, dok vas ljetni povjetarac hladi na va\u0161em putu. Pje\u0161a\u010dka staza do pla\u017ee tako\u0111er nudi mno\u0161tvo aktivnosti kao \u0161to su igrali\u0161te za djecu na moru na napuhavanje, jet ski, iznajmljivanje \u010damaca ili bicikala, \u0161kole jedrenja na dasci \/ kite, nekoliko barova na pla\u017ei ili nekoliko restorana.<\/p>\n<p>Biciklom ili pje\u0161ice mo\u017eete u\u017eivati u obali koja je duga oko 10<sup>km<\/sup>.<\/p>\n","protected":false},"excerpt":{"rendered":"<p>&#8230;pogled na ku\u0107u sa strane more<\/p>\n","protected":false},"author":1,"featured_media":995,"parent":0,"menu_order":1,"comment_status":"closed","ping_status":"closed","template":"","meta":{"_acf_changed":false,"inline_featured_image":false,"footnotes":""},"class_list":["post-789","page","type-page","status-publish","has-post-thumbnail","hentry"],"acf":[],"yoast_head":"<!-- This site is optimized with the Yoast SEO plugin v25.2 - https:\/\/yoast.com\/wordpress\/plugins\/seo\/ -->\n<title>O nama - Apartments Jelavi\u0107<\/title>\n<meta name=\"robots\" content=\"index, follow, max-snippet:-1, max-image-preview:large, max-video-preview:-1\" \/>\n<link rel=\"canonical\" href=\"https:\/\/apartments-jelavic.com\/hr\/apartmani-u-bolu\/\" \/>\n<meta property=\"og:locale\" content=\"hr_HR\" \/>\n<meta property=\"og:type\" content=\"article\" \/>\n<meta property=\"og:title\" content=\"O nama - Apartments Jelavi\u0107\" \/>\n<meta property=\"og:description\" content=\"...pogled na ku\u0107u sa strane more\" \/>\n<meta property=\"og:url\" content=\"https:\/\/apartments-jelavic.com\/hr\/apartmani-u-bolu\/\" \/>\n<meta property=\"og:site_name\" content=\"Apartments Jelavi\u0107\" \/>\n<meta property=\"article:modified_time\" content=\"2024-01-19T17:47:36+00:00\" \/>\n<meta property=\"og:image\" content=\"https:\/\/apartments-jelavic.com\/wp-content\/uploads\/2024\/01\/slide1-1.jpg\" \/>\n\t<meta property=\"og:image:width\" content=\"1500\" \/>\n\t<meta property=\"og:image:height\" content=\"908\" \/>\n\t<meta property=\"og:image:type\" content=\"image\/jpeg\" \/>\n<meta name=\"twitter:card\" content=\"summary_large_image\" \/>\n<meta name=\"twitter:label1\" content=\"Procijenjeno vrijeme \u010ditanja\" \/>\n\t<meta name=\"twitter:data1\" content=\"1 minuta\" \/>\n<script type=\"application\/ld+json\" class=\"yoast-schema-graph\">{\"@context\":\"https:\/\/schema.org\",\"@graph\":[{\"@type\":\"WebPage\",\"@id\":\"https:\/\/apartments-jelavic.com\/hr\/apartmani-u-bolu\/\",\"url\":\"https:\/\/apartments-jelavic.com\/hr\/apartmani-u-bolu\/\",\"name\":\"O nama - Apartments Jelavi\u0107\",\"isPartOf\":{\"@id\":\"https:\/\/apartments-jelavic.com\/#website\"},\"primaryImageOfPage\":{\"@id\":\"https:\/\/apartments-jelavic.com\/hr\/apartmani-u-bolu\/#primaryimage\"},\"image\":{\"@id\":\"https:\/\/apartments-jelavic.com\/hr\/apartmani-u-bolu\/#primaryimage\"},\"thumbnailUrl\":\"https:\/\/apartments-jelavic.com\/wp-content\/uploads\/2024\/01\/slide1-1.jpg\",\"datePublished\":\"2022-12-16T07:17:06+00:00\",\"dateModified\":\"2024-01-19T17:47:36+00:00\",\"breadcrumb\":{\"@id\":\"https:\/\/apartments-jelavic.com\/hr\/apartmani-u-bolu\/#breadcrumb\"},\"inLanguage\":\"hr\",\"potentialAction\":[{\"@type\":\"ReadAction\",\"target\":[\"https:\/\/apartments-jelavic.com\/hr\/apartmani-u-bolu\/\"]}]},{\"@type\":\"ImageObject\",\"inLanguage\":\"hr\",\"@id\":\"https:\/\/apartments-jelavic.com\/hr\/apartmani-u-bolu\/#primaryimage\",\"url\":\"https:\/\/apartments-jelavic.com\/wp-content\/uploads\/2024\/01\/slide1-1.jpg\",\"contentUrl\":\"https:\/\/apartments-jelavic.com\/wp-content\/uploads\/2024\/01\/slide1-1.jpg\",\"width\":1500,\"height\":908},{\"@type\":\"BreadcrumbList\",\"@id\":\"https:\/\/apartments-jelavic.com\/hr\/apartmani-u-bolu\/#breadcrumb\",\"itemListElement\":[{\"@type\":\"ListItem\",\"position\":1,\"name\":\"Home\",\"item\":\"https:\/\/apartments-jelavic.com\/hr\/\"},{\"@type\":\"ListItem\",\"position\":2,\"name\":\"O nama\"}]},{\"@type\":\"WebSite\",\"@id\":\"https:\/\/apartments-jelavic.com\/#website\",\"url\":\"https:\/\/apartments-jelavic.com\/\",\"name\":\"Villa Akrapovi\u0107\",\"description\":\"Luxury accommodation Croatia\",\"publisher\":{\"@id\":\"https:\/\/apartments-jelavic.com\/#organization\"},\"potentialAction\":[{\"@type\":\"SearchAction\",\"target\":{\"@type\":\"EntryPoint\",\"urlTemplate\":\"https:\/\/apartments-jelavic.com\/?s={search_term_string}\"},\"query-input\":{\"@type\":\"PropertyValueSpecification\",\"valueRequired\":true,\"valueName\":\"search_term_string\"}}],\"inLanguage\":\"hr\"},{\"@type\":\"Organization\",\"@id\":\"https:\/\/apartments-jelavic.com\/#organization\",\"name\":\"Apartments in Vrsi near Zadar\",\"url\":\"https:\/\/apartments-jelavic.com\/\",\"logo\":{\"@type\":\"ImageObject\",\"inLanguage\":\"hr\",\"@id\":\"https:\/\/apartments-jelavic.com\/#\/schema\/logo\/image\/\",\"url\":\"\",\"contentUrl\":\"\",\"caption\":\"Apartments in Vrsi near Zadar\"},\"image\":{\"@id\":\"https:\/\/apartments-jelavic.com\/#\/schema\/logo\/image\/\"}}]}<\/script>\n<!-- \/ Yoast SEO plugin. -->","yoast_head_json":{"title":"O nama - Apartments Jelavi\u0107","robots":{"index":"index","follow":"follow","max-snippet":"max-snippet:-1","max-image-preview":"max-image-preview:large","max-video-preview":"max-video-preview:-1"},"canonical":"https:\/\/apartments-jelavic.com\/hr\/apartmani-u-bolu\/","og_locale":"hr_HR","og_type":"article","og_title":"O nama - Apartments Jelavi\u0107","og_description":"...pogled na ku\u0107u sa strane more","og_url":"https:\/\/apartments-jelavic.com\/hr\/apartmani-u-bolu\/","og_site_name":"Apartments Jelavi\u0107","article_modified_time":"2024-01-19T17:47:36+00:00","og_image":[{"width":1500,"height":908,"url":"https:\/\/apartments-jelavic.com\/wp-content\/uploads\/2024\/01\/slide1-1.jpg","type":"image\/jpeg"}],"twitter_card":"summary_large_image","twitter_misc":{"Procijenjeno vrijeme \u010ditanja":"1 minuta"},"schema":{"@context":"https:\/\/schema.org","@graph":[{"@type":"WebPage","@id":"https:\/\/apartments-jelavic.com\/hr\/apartmani-u-bolu\/","url":"https:\/\/apartments-jelavic.com\/hr\/apartmani-u-bolu\/","name":"O nama - Apartments Jelavi\u0107","isPartOf":{"@id":"https:\/\/apartments-jelavic.com\/#website"},"primaryImageOfPage":{"@id":"https:\/\/apartments-jelavic.com\/hr\/apartmani-u-bolu\/#primaryimage"},"image":{"@id":"https:\/\/apartments-jelavic.com\/hr\/apartmani-u-bolu\/#primaryimage"},"thumbnailUrl":"https:\/\/apartments-jelavic.com\/wp-content\/uploads\/2024\/01\/slide1-1.jpg","datePublished":"2022-12-16T07:17:06+00:00","dateModified":"2024-01-19T17:47:36+00:00","breadcrumb":{"@id":"https:\/\/apartments-jelavic.com\/hr\/apartmani-u-bolu\/#breadcrumb"},"inLanguage":"hr","potentialAction":[{"@type":"ReadAction","target":["https:\/\/apartments-jelavic.com\/hr\/apartmani-u-bolu\/"]}]},{"@type":"ImageObject","inLanguage":"hr","@id":"https:\/\/apartments-jelavic.com\/hr\/apartmani-u-bolu\/#primaryimage","url":"https:\/\/apartments-jelavic.com\/wp-content\/uploads\/2024\/01\/slide1-1.jpg","contentUrl":"https:\/\/apartments-jelavic.com\/wp-content\/uploads\/2024\/01\/slide1-1.jpg","width":1500,"height":908},{"@type":"BreadcrumbList","@id":"https:\/\/apartments-jelavic.com\/hr\/apartmani-u-bolu\/#breadcrumb","itemListElement":[{"@type":"ListItem","position":1,"name":"Home","item":"https:\/\/apartments-jelavic.com\/hr\/"},{"@type":"ListItem","position":2,"name":"O nama"}]},{"@type":"WebSite","@id":"https:\/\/apartments-jelavic.com\/#website","url":"https:\/\/apartments-jelavic.com\/","name":"Villa Akrapovi\u0107","description":"Luxury accommodation Croatia","publisher":{"@id":"https:\/\/apartments-jelavic.com\/#organization"},"potentialAction":[{"@type":"SearchAction","target":{"@type":"EntryPoint","urlTemplate":"https:\/\/apartments-jelavic.com\/?s={search_term_string}"},"query-input":{"@type":"PropertyValueSpecification","valueRequired":true,"valueName":"search_term_string"}}],"inLanguage":"hr"},{"@type":"Organization","@id":"https:\/\/apartments-jelavic.com\/#organization","name":"Apartments in Vrsi near Zadar","url":"https:\/\/apartments-jelavic.com\/","logo":{"@type":"ImageObject","inLanguage":"hr","@id":"https:\/\/apartments-jelavic.com\/#\/schema\/logo\/image\/","url":"","contentUrl":"","caption":"Apartments in Vrsi near Zadar"},"image":{"@id":"https:\/\/apartments-jelavic.com\/#\/schema\/logo\/image\/"}}]}},"_links":{"self":[{"href":"https:\/\/apartments-jelavic.com\/hr\/wp-json\/wp\/v2\/pages\/789","targetHints":{"allow":["GET"]}}],"collection":[{"href":"https:\/\/apartments-jelavic.com\/hr\/wp-json\/wp\/v2\/pages"}],"about":[{"href":"https:\/\/apartments-jelavic.com\/hr\/wp-json\/wp\/v2\/types\/page"}],"author":[{"embeddable":true,"href":"https:\/\/apartments-jelavic.com\/hr\/wp-json\/wp\/v2\/users\/1"}],"replies":[{"embeddable":true,"href":"https:\/\/apartments-jelavic.com\/hr\/wp-json\/wp\/v2\/comments?post=789"}],"version-history":[{"count":13,"href":"https:\/\/apartments-jelavic.com\/hr\/wp-json\/wp\/v2\/pages\/789\/revisions"}],"predecessor-version":[{"id":1259,"href":"https:\/\/apartments-jelavic.com\/hr\/wp-json\/wp\/v2\/pages\/789\/revisions\/1259"}],"wp:featuredmedia":[{"embeddable":true,"href":"https:\/\/apartments-jelavic.com\/hr\/wp-json\/wp\/v2\/media\/995"}],"wp:attachment":[{"href":"https:\/\/apartments-jelavic.com\/hr\/wp-json\/wp\/v2\/media?parent=789"}],"curies":[{"name":"wp","href":"https:\/\/api.w.org\/{rel}","templated":true}]}}