{"id":787,"date":"2022-11-29T07:03:18","date_gmt":"2022-11-29T06:03:18","guid":{"rendered":"https:\/\/apartments-jelavic.com\/?page_id=787"},"modified":"2024-05-07T09:08:05","modified_gmt":"2024-05-07T07:08:05","slug":"pocetna","status":"publish","type":"page","link":"https:\/\/apartments-jelavic.com\/hr\/","title":{"rendered":"Po\u010detna"},"content":{"rendered":"<h1 class=\"section-title\">Apartmani &#8216;Jelavi\u0107&#8217; u Bolu<\/h1>\n<h2>Apartmani se nalaze u mjestu Bol na otoku Bra\u010du<\/h2>\n<p>Dobrodo\u0161li u Apartmane Jelavi\u0107! Nalazimo se na zapadu mjesta nedaleko od centra Bola i mora. Nudimo 4\u00a0 potpuno opremljena apartmana kako bi vam pru\u017eili idealne uvjete za va\u0161 odmor.<\/p>\n","protected":false},"excerpt":{"rendered":"<p>Apartmani &#8216;Jelavi\u0107&#8217; u Bolu Apartmani se nalaze u mjestu Bol na otoku Bra\u010du Dobrodo\u0161li u Apartmane Jelavi\u0107! Nalazimo se na zapadu mjesta nedaleko od centra Bola i mora. Nudimo 4\u00a0 &#8230;<\/p>\n","protected":false},"author":1,"featured_media":0,"parent":0,"menu_order":0,"comment_status":"closed","ping_status":"closed","template":"template-frontpage.php","meta":{"_acf_changed":false,"inline_featured_image":false,"footnotes":""},"class_list":["post-787","page","type-page","status-publish","hentry"],"acf":[],"yoast_head":"<!-- This site is optimized with the Yoast SEO plugin v25.2 - https:\/\/yoast.com\/wordpress\/plugins\/seo\/ -->\n<title>Po\u010detna - Apartments Jelavi\u0107<\/title>\n<meta name=\"robots\" content=\"index, follow, max-snippet:-1, max-image-preview:large, max-video-preview:-1\" \/>\n<link rel=\"canonical\" href=\"https:\/\/apartments-jelavic.com\/hr\/\" \/>\n<meta property=\"og:locale\" content=\"hr_HR\" \/>\n<meta property=\"og:type\" content=\"article\" \/>\n<meta property=\"og:title\" content=\"Po\u010detna - Apartments Jelavi\u0107\" \/>\n<meta property=\"og:description\" content=\"Apartmani &#8216;Jelavi\u0107&#8217; u Bolu Apartmani se nalaze u mjestu Bol na otoku Bra\u010du Dobrodo\u0161li u Apartmane Jelavi\u0107! Nalazimo se na zapadu mjesta nedaleko od centra Bola i mora. Nudimo 4\u00a0 ...\" \/>\n<meta property=\"og:url\" content=\"https:\/\/apartments-jelavic.com\/hr\/\" \/>\n<meta property=\"og:site_name\" content=\"Apartments Jelavi\u0107\" \/>\n<meta property=\"article:modified_time\" content=\"2024-05-07T07:08:05+00:00\" \/>\n<meta name=\"twitter:card\" content=\"summary_large_image\" \/>\n<meta name=\"twitter:label1\" content=\"Procijenjeno vrijeme \u010ditanja\" \/>\n\t<meta name=\"twitter:data1\" content=\"1 minuta\" \/>\n<script type=\"application\/ld+json\" class=\"yoast-schema-graph\">{\"@context\":\"https:\/\/schema.org\",\"@graph\":[{\"@type\":\"WebPage\",\"@id\":\"https:\/\/apartments-jelavic.com\/hr\/\",\"url\":\"https:\/\/apartments-jelavic.com\/hr\/\",\"name\":\"Po\u010detna - Apartments Jelavi\u0107\",\"isPartOf\":{\"@id\":\"https:\/\/apartments-jelavic.com\/#website\"},\"datePublished\":\"2022-11-29T06:03:18+00:00\",\"dateModified\":\"2024-05-07T07:08:05+00:00\",\"breadcrumb\":{\"@id\":\"https:\/\/apartments-jelavic.com\/hr\/#breadcrumb\"},\"inLanguage\":\"hr\",\"potentialAction\":[{\"@type\":\"ReadAction\",\"target\":[\"https:\/\/apartments-jelavic.com\/hr\/\"]}]},{\"@type\":\"BreadcrumbList\",\"@id\":\"https:\/\/apartments-jelavic.com\/hr\/#breadcrumb\",\"itemListElement\":[{\"@type\":\"ListItem\",\"position\":1,\"name\":\"Home\",\"item\":\"https:\/\/apartments-jelavic.com\/hr\/\"},{\"@type\":\"ListItem\",\"position\":2,\"name\":\"Po\u010detna\"}]},{\"@type\":\"WebSite\",\"@id\":\"https:\/\/apartments-jelavic.com\/#website\",\"url\":\"https:\/\/apartments-jelavic.com\/\",\"name\":\"Villa Akrapovi\u0107\",\"description\":\"Luxury accommodation Croatia\",\"publisher\":{\"@id\":\"https:\/\/apartments-jelavic.com\/#organization\"},\"potentialAction\":[{\"@type\":\"SearchAction\",\"target\":{\"@type\":\"EntryPoint\",\"urlTemplate\":\"https:\/\/apartments-jelavic.com\/?s={search_term_string}\"},\"query-input\":{\"@type\":\"PropertyValueSpecification\",\"valueRequired\":true,\"valueName\":\"search_term_string\"}}],\"inLanguage\":\"hr\"},{\"@type\":\"Organization\",\"@id\":\"https:\/\/apartments-jelavic.com\/#organization\",\"name\":\"Apartments in Vrsi near Zadar\",\"url\":\"https:\/\/apartments-jelavic.com\/\",\"logo\":{\"@type\":\"ImageObject\",\"inLanguage\":\"hr\",\"@id\":\"https:\/\/apartments-jelavic.com\/#\/schema\/logo\/image\/\",\"url\":\"\",\"contentUrl\":\"\",\"caption\":\"Apartments in Vrsi near Zadar\"},\"image\":{\"@id\":\"https:\/\/apartments-jelavic.com\/#\/schema\/logo\/image\/\"}}]}<\/script>\n<!-- \/ Yoast SEO plugin. -->","yoast_head_json":{"title":"Po\u010detna - Apartments Jelavi\u0107","robots":{"index":"index","follow":"follow","max-snippet":"max-snippet:-1","max-image-preview":"max-image-preview:large","max-video-preview":"max-video-preview:-1"},"canonical":"https:\/\/apartments-jelavic.com\/hr\/","og_locale":"hr_HR","og_type":"article","og_title":"Po\u010detna - Apartments Jelavi\u0107","og_description":"Apartmani &#8216;Jelavi\u0107&#8217; u Bolu Apartmani se nalaze u mjestu Bol na otoku Bra\u010du Dobrodo\u0161li u Apartmane Jelavi\u0107! Nalazimo se na zapadu mjesta nedaleko od centra Bola i mora. Nudimo 4\u00a0 ...","og_url":"https:\/\/apartments-jelavic.com\/hr\/","og_site_name":"Apartments Jelavi\u0107","article_modified_time":"2024-05-07T07:08:05+00:00","twitter_card":"summary_large_image","twitter_misc":{"Procijenjeno vrijeme \u010ditanja":"1 minuta"},"schema":{"@context":"https:\/\/schema.org","@graph":[{"@type":"WebPage","@id":"https:\/\/apartments-jelavic.com\/hr\/","url":"https:\/\/apartments-jelavic.com\/hr\/","name":"Po\u010detna - Apartments Jelavi\u0107","isPartOf":{"@id":"https:\/\/apartments-jelavic.com\/#website"},"datePublished":"2022-11-29T06:03:18+00:00","dateModified":"2024-05-07T07:08:05+00:00","breadcrumb":{"@id":"https:\/\/apartments-jelavic.com\/hr\/#breadcrumb"},"inLanguage":"hr","potentialAction":[{"@type":"ReadAction","target":["https:\/\/apartments-jelavic.com\/hr\/"]}]},{"@type":"BreadcrumbList","@id":"https:\/\/apartments-jelavic.com\/hr\/#breadcrumb","itemListElement":[{"@type":"ListItem","position":1,"name":"Home","item":"https:\/\/apartments-jelavic.com\/hr\/"},{"@type":"ListItem","position":2,"name":"Po\u010detna"}]},{"@type":"WebSite","@id":"https:\/\/apartments-jelavic.com\/#website","url":"https:\/\/apartments-jelavic.com\/","name":"Villa Akrapovi\u0107","description":"Luxury accommodation Croatia","publisher":{"@id":"https:\/\/apartments-jelavic.com\/#organization"},"potentialAction":[{"@type":"SearchAction","target":{"@type":"EntryPoint","urlTemplate":"https:\/\/apartments-jelavic.com\/?s={search_term_string}"},"query-input":{"@type":"PropertyValueSpecification","valueRequired":true,"valueName":"search_term_string"}}],"inLanguage":"hr"},{"@type":"Organization","@id":"https:\/\/apartments-jelavic.com\/#organization","name":"Apartments in Vrsi near Zadar","url":"https:\/\/apartments-jelavic.com\/","logo":{"@type":"ImageObject","inLanguage":"hr","@id":"https:\/\/apartments-jelavic.com\/#\/schema\/logo\/image\/","url":"","contentUrl":"","caption":"Apartments in Vrsi near Zadar"},"image":{"@id":"https:\/\/apartments-jelavic.com\/#\/schema\/logo\/image\/"}}]}},"_links":{"self":[{"href":"https:\/\/apartments-jelavic.com\/hr\/wp-json\/wp\/v2\/pages\/787","targetHints":{"allow":["GET"]}}],"collection":[{"href":"https:\/\/apartments-jelavic.com\/hr\/wp-json\/wp\/v2\/pages"}],"about":[{"href":"https:\/\/apartments-jelavic.com\/hr\/wp-json\/wp\/v2\/types\/page"}],"author":[{"embeddable":true,"href":"https:\/\/apartments-jelavic.com\/hr\/wp-json\/wp\/v2\/users\/1"}],"replies":[{"embeddable":true,"href":"https:\/\/apartments-jelavic.com\/hr\/wp-json\/wp\/v2\/comments?post=787"}],"version-history":[{"count":7,"href":"https:\/\/apartments-jelavic.com\/hr\/wp-json\/wp\/v2\/pages\/787\/revisions"}],"predecessor-version":[{"id":1307,"href":"https:\/\/apartments-jelavic.com\/hr\/wp-json\/wp\/v2\/pages\/787\/revisions\/1307"}],"wp:attachment":[{"href":"https:\/\/apartments-jelavic.com\/hr\/wp-json\/wp\/v2\/media?parent=787"}],"curies":[{"name":"wp","href":"https:\/\/api.w.org\/{rel}","templated":true}]}}